{"id":548,"date":"2019-01-11T14:46:28","date_gmt":"2019-01-11T14:46:28","guid":{"rendered":"https:\/\/businessforward.gr\/privacy-policy\/"},"modified":"2022-07-12T15:55:02","modified_gmt":"2022-07-12T15:55:02","slug":"privacy-policy","status":"publish","type":"page","link":"https:\/\/businessforward.gr\/fr\/privacy-policy\/","title":{"rendered":"Politique de confidentialit\u00e9"},"content":{"rendered":"<p><strong>AVIS DE CONFIDENTIALIT\u00c9 CONTRE LE GDPR<\/strong><\/p>\n<p><strong>Identit\u00e9 et coordonn\u00e9es du contr\u00f4leur des donn\u00e9es<br \/>\n<\/strong>Business Forward (entreprise individuelle Moschou Mersini) est le contr\u00f4leur de donn\u00e9es et s&rsquo;engage \u00e0 prot\u00e9ger les droits des personnes physiques dans le plein respect du r\u00e8glement g\u00e9n\u00e9ral sur la protection des donn\u00e9es (RGPD).<\/p>\n<p><strong>Coordonn\u00e9es du d\u00e9l\u00e9gu\u00e9 \u00e0 la protection des donn\u00e9es DPD<br \/>\n<\/strong>Le d\u00e9l\u00e9gu\u00e9 \u00e0 la protection des donn\u00e9es de Business Forward est Pericles Christides et vous pouvez le contacter \u00e0 l&rsquo;adresse dpo@bussinssforward.gr.<\/p>\n<p><strong>Les informations que nous recueillons \u00e0 votre sujet<br \/>\n<\/strong>Les donn\u00e9es personnelles de nos clients individuels comprennent : Identit\u00e9, imp\u00f4ts, assurances, \u00e9tat civil, banques, actifs, biens, dettes.<\/p>\n<p><strong>Comment vos donn\u00e9es personnelles seront utilis\u00e9es<br \/>\n<\/strong>Dans le cadre de la prestation de services comptables &#8211; fiscaux, avec traitement et soumission \u00e9lectronique des d\u00e9clarations \u00e0 l&rsquo;Autorit\u00e9 Ind\u00e9pendante des Recettes Publiques (\u00e0 titre indicatif : d\u00e9claration d&rsquo;imp\u00f4t sur le revenu, situation patrimoniale, location de biens, arrangements de dettes, etc.)<\/p>\n<p><strong>Quelle est la base l\u00e9gale du traitement de vos donn\u00e9es ?<br \/>\n<\/strong>En vertu de l&rsquo;article 6 du r\u00e8glement, la base l\u00e9gitime du traitement de vos donn\u00e9es est soit l&rsquo;ex\u00e9cution d&rsquo;un contrat, soit votre consentement explicite.<\/p>\n<p><strong>Qui re\u00e7oit vos donn\u00e9es personnelles<br \/>\n<\/strong>Les destinataires de vos donn\u00e9es personnelles dans ce cas sont les services publics.<\/p>\n<p><strong>Combien de temps vos donn\u00e9es seront-elles conserv\u00e9es ?<br \/>\n<\/strong>Vos enregistrements contenant des donn\u00e9es personnelles sont conserv\u00e9s dans notre base de donn\u00e9es pendant 10 ans en vertu des dispositions de prescription de la loi fiscale, ou jusqu&rsquo;\u00e0 la date \u00e0 laquelle vous nous demandez de les remettre, si elle est ant\u00e9rieure.<\/p>\n<p><strong>Quels sont vos droits ?<br \/>\n<\/strong>Vous avez le droit d&rsquo;acc\u00e9der \u00e0 vos donn\u00e9es personnelles, de vous opposer au traitement de vos donn\u00e9es personnelles, de rectifier, d&rsquo;effacer, de restreindre et de transf\u00e9rer vos donn\u00e9es.<br \/>\nToute demande ou objection doit \u00eatre adress\u00e9e par \u00e9crit au DPD.<\/p>\n<p><strong>S\u00e9curit\u00e9 de vos donn\u00e9es<br \/>\n<\/strong>Chez Business Forward, nous avons pris toutes les mesures techniques et organisationnelles n\u00e9cessaires pour assurer la s\u00e9curit\u00e9 de vos donn\u00e9es.<\/p>\n<p><strong>Comment d\u00e9poser vos plaintes<br \/>\n<\/strong>Si vous souhaitez exercer l&rsquo;un de vos droits, vous pouvez contacter le d\u00e9l\u00e9gu\u00e9 \u00e0 la protection des donn\u00e9es aux coordonn\u00e9es ci-dessus.<\/p>\n<p>Si vous n&rsquo;\u00eates toujours pas satisfait, vous avez le droit de saisir l&rsquo;autorit\u00e9 charg\u00e9e de la protection des donn\u00e9es aux coordonn\u00e9es suivantes : .<\/p>\n<p>Autorit\u00e9 de protection des donn\u00e9es personnelles<br \/>\n1-3 Kifissias Street, P.K. 115 23, Ath\u00e8neshttp:\/\/www.dpa.gr\/portal\/page?_pageid=33,211532&amp;_dad=portal&amp;_schema=PORTAL<\/p>\n","protected":false},"excerpt":{"rendered":"<p>AVIS DE CONFIDENTIALIT\u00c9 CONTRE LE GDPR Identit\u00e9 et coordonn\u00e9es du contr\u00f4leur des donn\u00e9es Business Forward (entreprise individuelle Moschou Mersini) est le contr\u00f4leur de donn\u00e9es et s&rsquo;engage<span class=\"excerpt-hellip\"> [\u2026]<\/span><\/p>\n","protected":false},"author":1,"featured_media":0,"parent":0,"menu_order":0,"comment_status":"closed","ping_status":"closed","template":"","meta":{"footnotes":""},"class_list":["post-548","page","type-page","status-publish","hentry"],"_links":{"self":[{"href":"https:\/\/businessforward.gr\/fr\/wp-json\/wp\/v2\/pages\/548","targetHints":{"allow":["GET"]}}],"collection":[{"href":"https:\/\/businessforward.gr\/fr\/wp-json\/wp\/v2\/pages"}],"about":[{"href":"https:\/\/businessforward.gr\/fr\/wp-json\/wp\/v2\/types\/page"}],"author":[{"embeddable":true,"href":"https:\/\/businessforward.gr\/fr\/wp-json\/wp\/v2\/users\/1"}],"replies":[{"embeddable":true,"href":"https:\/\/businessforward.gr\/fr\/wp-json\/wp\/v2\/comments?post=548"}],"version-history":[{"count":1,"href":"https:\/\/businessforward.gr\/fr\/wp-json\/wp\/v2\/pages\/548\/revisions"}],"predecessor-version":[{"id":574,"href":"https:\/\/businessforward.gr\/fr\/wp-json\/wp\/v2\/pages\/548\/revisions\/574"}],"wp:attachment":[{"href":"https:\/\/businessforward.gr\/fr\/wp-json\/wp\/v2\/media?parent=548"}],"curies":[{"name":"wp","href":"https:\/\/api.w.org\/{rel}","templated":true}]}}