{"id":575,"date":"2019-01-23T16:21:05","date_gmt":"2019-01-23T16:21:05","guid":{"rendered":"https:\/\/businessforward.gr\/cookie-policy\/"},"modified":"2022-07-12T15:57:14","modified_gmt":"2022-07-12T15:57:14","slug":"cookie-policy","status":"publish","type":"page","link":"https:\/\/businessforward.gr\/fr\/cookie-policy\/","title":{"rendered":"Politique en mati\u00e8re de cookies"},"content":{"rendered":"<p><strong>Politique en mati\u00e8re de cookiesUn <\/strong>cookie est un petit \u00e9l\u00e9ment de donn\u00e9es qu&rsquo;un site web peut stocker sur votre ordinateur ou votre t\u00e9l\u00e9phone portable. Le cookie permet au site web de \u00ab\u00a0se souvenir\u00a0\u00bb de vos actions pendant que vous le parcourez. Bien que la majorit\u00e9 des navigateurs, tels que Google Chrome, Mozilla Firefox, Safari et Opera, prennent en charge l&rsquo;utilisation de cookies, l&rsquo;utilisateur peut configurer son navigateur pour qu&rsquo;il n&rsquo;accepte pas les cookies ou pour les supprimer par la suite.<br \/>\nUtilit\u00e9 des cookies<\/p>\n<p>Les cookies peuvent remplir de nombreuses fonctions et sont principalement utilis\u00e9s pour mesurer le trafic d&rsquo;un site web dans son ensemble ou de sous-pages sp\u00e9cifiques. \u00c0 titre indicatif, on peut enregistrer le nombre de visiteurs en direct ou \u00e0 l&rsquo;heure, leur origine g\u00e9ographique, le syst\u00e8me d&rsquo;exploitation et la r\u00e9solution de leur \u00e9cran d&rsquo;ordinateur, la page d&rsquo;o\u00f9 ils viennent (via un moteur de recherche, un lien depuis une autre page ou une entr\u00e9e directe), le mot cl\u00e9 utilis\u00e9 dans le moteur de recherche, etc. D&rsquo;autres cookies peuvent m\u00e9moriser, pour la commodit\u00e9 de l&rsquo;utilisateur, le choix de la langue ou les r\u00e9sultats de sa recherche sur un site web. D&rsquo;autres peuvent enregistrer les tentatives infructueuses de l&rsquo;utilisateur pour acc\u00e9der \u00e0 un site web de sorte qu&rsquo;apr\u00e8s un certain nombre de tentatives infructueuses, ils (les sites web) demandent une v\u00e9rification suppl\u00e9mentaire des donn\u00e9es de l&rsquo;utilisateur, par exemple en saisissant un code suppl\u00e9mentaire envoy\u00e9 par SMS au t\u00e9l\u00e9phone mobile de l&rsquo;utilisateur.<\/p>\n<p><strong>Utilisation de cookiesLe <\/strong><br \/>\nsite web sous le nom de domaine \u00ab\u00a0nomikosodigos.info\u00a0\u00bb, ci-apr\u00e8s d\u00e9nomm\u00e9 \u00ab\u00a0le site web\u00a0\u00bb, enregistre des cookies dans l&rsquo;\u00e9quipement terminal de ses visiteurs afin d&rsquo;am\u00e9liorer leur exp\u00e9rience de navigation et de mesurer son trafic. Ces cookies ne compromettent pas la confidentialit\u00e9 et les donn\u00e9es personnelles sensibles des utilisateurs.<\/p>\n<ol>\n<li><em> Cookies CMSLe <\/em><br \/>\nsite web est con\u00e7u sur la base d&rsquo;un syst\u00e8me de gestion de contenu (CMS), qui stocke par d\u00e9faut des cookies sur l&rsquo;ordinateur de l&rsquo;utilisateur afin d&rsquo;am\u00e9liorer l&rsquo;exp\u00e9rience de navigation. Ces cookies sont les suivants :<\/p>\n<p>Cookies de sessionLes cookies de<br \/>\nsession permettent d&rsquo;identifier les utilisateurs lors de la navigation sur un site web afin de m\u00e9moriser leurs diff\u00e9rents choix et de les transf\u00e9rer de sous-page en sous-page. L&rsquo;exemple le plus courant de cette fonction est le panier d&rsquo;achat des boutiques en ligne. Lorsque vous ajoutez des produits \u00e0 votre panier, le cookie de session se souvient de vos choix afin que les produits que vous avez s\u00e9lectionn\u00e9s soient pr\u00e9sents lorsque vous \u00eates pr\u00eat \u00e0 payer. Sans le cookie de session, la page ne se souviendrait pas exactement des produits que vous avez ajout\u00e9s \u00e0 votre panier, de sorte que lorsque vous cliquez sur \u00ab\u00a0Commander\u00a0\u00bb, votre panier est vide.<br \/>\nBien que notre site ne vende pas de produits, les cookies de session qu&rsquo;il utilise fonctionnent exactement de la m\u00eame mani\u00e8re. En particulier, notre site stocke deux cookies de session : un pour m\u00e9moriser votre choix de langue de navigation pour la page et un pour m\u00e9moriser tous les autres choix de l&rsquo;utilisateur. Les deux cookies de session sont automatiquement supprim\u00e9s de l&rsquo;ordinateur de l&rsquo;utilisateur apr\u00e8s la fin de la session, qui intervient quinze minutes apr\u00e8s la derni\u00e8re action dans la page. Ces cookies sont des cookies de premi\u00e8re partie, c&rsquo;est-\u00e0-dire qu&rsquo;ils sont plac\u00e9s et lus par le domaine de notre site.<\/li>\n<\/ol>\n<p><em>2) <\/em><br \/>\nCookies <em>Universal <\/em><br \/>\nAnalyticsGoogle Universal Analytics utilise des cookies pour rendre compte des interactions des utilisateurs sur les sites des clients de Google Analytics. Ces cookies sont utilis\u00e9s pour stocker des informations non identifiables personnellement. Les cookies Google Analytics, qui sont stock\u00e9s via notre site Internet sur l&rsquo;\u00e9quipement terminal de l&rsquo;utilisateur, sont les suivants :<br \/>\nLe cookie appel\u00e9 \u00ab\u00a0_ga\u00a0\u00bb est utilis\u00e9 pour identifier les visiteurs uniques de notre site Internet et a une dur\u00e9e de vie de deux ans \u00e0 partir de la derni\u00e8re visite sur le site Internet.<br \/>\nLe cookie nomm\u00e9 \u00ab\u00a0_gat\u00a0\u00bb sert \u00e0 suivre de mani\u00e8re anonyme le comportement du visiteur lors de sa navigation sur le site web et a une dur\u00e9e de vie de dix minutes \u00e0 compter de la visite de l&rsquo;utilisateur sur le site web. \u00c0 titre indicatif, il permet de suivre la sous-page d&rsquo;entr\u00e9e et de sortie du visiteur du site web, le temps pass\u00e9 sur chaque sous-page, etc.<br \/>\nVeuillez noter que la dur\u00e9e de vie des cookies susmentionn\u00e9s peut \u00eatre modifi\u00e9e par Google sans pr\u00e9avis.<\/p>\n<p><em>3.Cookies directive CookieUne fois que <\/em><br \/>\nvous avez donn\u00e9 votre consentement pour accepter les cookies de ce site web conform\u00e9ment \u00e0 la proc\u00e9dure d\u00e9crite ci-dessous, un cookie appel\u00e9 \u00ab\u00a0cookiesdirective\u00a0\u00bb est stock\u00e9 sur votre \u00e9quipement terminal, qui se souvient de votre consentement et a une dur\u00e9e de vie d&rsquo;un an \u00e0 compter de l&rsquo;octroi du consentement. L&rsquo;int\u00e9r\u00eat pratique de la mise en place de ce cookie est d&rsquo;\u00e9viter le d\u00e9sagr\u00e9ment de devoir donner le m\u00eame consentement \u00e0 chaque fois que vous visitez le site web.<br \/>\nCaract\u00e8re obligatoire du consentement au stockage des cookies<\/p>\n<p>L&rsquo;installation et l&rsquo;utilisation de \u00ab\u00a0cookies\u00a0\u00bb sont r\u00e9glement\u00e9es en particulier par le paragraphe 5 de l&rsquo;article 4 de la Loi n\u00b0. 3471\/2006 (qui a transpos\u00e9 la directive 2002\/58\/CE dans l&rsquo;ordre juridique grec) selon laquelle l&rsquo;installation et l&rsquo;utilisation de \u00ab\u00a0cookies\u00a0\u00bb ne sont autoris\u00e9es qu&rsquo;avec le consentement de l&rsquo;utilisateur. Un site web ne peut installer un tel cookie que si l&rsquo;utilisateur a donn\u00e9 son consentement apr\u00e8s avoir \u00e9t\u00e9 clairement et compl\u00e8tement inform\u00e9 de l&rsquo;installation, de la finalit\u00e9 du traitement, de l&rsquo;exercice du droit d&rsquo;acc\u00e8s et des \u00e9ventuels destinataires des donn\u00e9es. Ce consentement peut \u00eatre donn\u00e9 par le biais des param\u00e8tres appropri\u00e9s du navigateur web ou d&rsquo;une autre application.<\/p>\n<p><strong>Obtention du consentement du <\/strong>visiteurCompte tenu du<br \/>\nfait que les cookies du service Google Universal Analytics sont des cookies tiers par rapport \u00e0 notre site et ne rel\u00e8vent pas des cookies d&rsquo;analyse de trafic au titre de l&rsquo;exception du par. 5 de l&rsquo;article 4 de la loi no. 3471\/2006, notre site obtient le consentement du visiteur avant de stocker des cookies sur son \u00e9quipement terminal. L&rsquo;utilisateur a la possibilit\u00e9 \u00e0 tout moment de supprimer les cookies stock\u00e9s par cette page dans son navigateur via les param\u00e8tres de son navigateur.<br \/>\nEn particulier, le site web utilise un plugin<br \/>\nsp\u00e9cial qui emp\u00eache le stockage des cookies sur l&rsquo;\u00e9quipement terminal du visiteur, si son consentement n&rsquo;est pas pr\u00e9alablement obtenu en appuyant sur un bouton d&rsquo;acceptation. \u00c0 proximit\u00e9 du bouton d&rsquo;acceptation se trouve un lien qui m\u00e8ne \u00e0 la pr\u00e9sente politique de cookies du site web, dans laquelle l&rsquo;utilisateur peut lire toutes les informations n\u00e9cessaires qui lui permettront de d\u00e9cider plus facilement de donner ou non son consentement \u00e0 l&rsquo;acceptation des cookies.<\/p>\n<p><strong>Contr\u00f4le et suppression des cookiesVous pouvez <\/strong><br \/>\ncontr\u00f4ler et\/ou supprimer les cookies selon vos souhaits. Les d\u00e9tails sont disponibles ici : www.aboutcookies.org. Vous pouvez supprimer tous les cookies qui se trouvent d\u00e9j\u00e0 sur votre ordinateur, et param\u00e9trer la plupart des navigateurs pour qu&rsquo;ils emp\u00eachent l&rsquo;installation de cookies. Toutefois, dans ce cas, il se peut que vous deviez ajuster vous-m\u00eame certaines pr\u00e9f\u00e9rences chaque fois que vous visitez un site web, et que certains services ne fonctionnent pas.<\/p>\n","protected":false},"excerpt":{"rendered":"<p>Politique en mati\u00e8re de cookiesUn cookie est un petit \u00e9l\u00e9ment de donn\u00e9es qu&rsquo;un site web peut stocker sur votre ordinateur ou votre t\u00e9l\u00e9phone portable. Le cookie<span class=\"excerpt-hellip\"> [\u2026]<\/span><\/p>\n","protected":false},"author":1,"featured_media":0,"parent":0,"menu_order":0,"comment_status":"closed","ping_status":"closed","template":"","meta":{"footnotes":""},"class_list":["post-575","page","type-page","status-publish","hentry"],"_links":{"self":[{"href":"https:\/\/businessforward.gr\/fr\/wp-json\/wp\/v2\/pages\/575","targetHints":{"allow":["GET"]}}],"collection":[{"href":"https:\/\/businessforward.gr\/fr\/wp-json\/wp\/v2\/pages"}],"about":[{"href":"https:\/\/businessforward.gr\/fr\/wp-json\/wp\/v2\/types\/page"}],"author":[{"embeddable":true,"href":"https:\/\/businessforward.gr\/fr\/wp-json\/wp\/v2\/users\/1"}],"replies":[{"embeddable":true,"href":"https:\/\/businessforward.gr\/fr\/wp-json\/wp\/v2\/comments?post=575"}],"version-history":[{"count":1,"href":"https:\/\/businessforward.gr\/fr\/wp-json\/wp\/v2\/pages\/575\/revisions"}],"predecessor-version":[{"id":576,"href":"https:\/\/businessforward.gr\/fr\/wp-json\/wp\/v2\/pages\/575\/revisions\/576"}],"wp:attachment":[{"href":"https:\/\/businessforward.gr\/fr\/wp-json\/wp\/v2\/media?parent=575"}],"curies":[{"name":"wp","href":"https:\/\/api.w.org\/{rel}","templated":true}]}}