{"id":577,"date":"2019-01-23T16:30:39","date_gmt":"2019-01-23T16:30:39","guid":{"rendered":"https:\/\/businessforward.gr\/politiki-prostasias-dedomenon-prosopikou-haraktira\/"},"modified":"2022-07-12T15:59:09","modified_gmt":"2022-07-12T15:59:09","slug":"politiki-prostasias-dedomenon-prosopikou-haraktira","status":"publish","type":"page","link":"https:\/\/businessforward.gr\/fr\/politiki-prostasias-dedomenon-prosopikou-haraktira\/","title":{"rendered":"Politique de protection des donn\u00e9es personnelles"},"content":{"rendered":"<p>BUSINESS FORWARD, dans le cadre du respect du R\u00e8glement g\u00e9n\u00e9ral sur la protection des donn\u00e9es 2016\/679 et du cadre juridique national r\u00e9gissant la protection des donn\u00e9es personnelles trait\u00e9es soit en tant que Contr\u00f4leur de donn\u00e9es, soit en tant que Processeur, a \u00e9tabli cette politique afin de communiquer \u00e0 toute partie int\u00e9ress\u00e9e ou impliqu\u00e9e dans les processus de gestion des donn\u00e9es les principes fondamentaux de l&rsquo;entreprise.<\/p>\n<p>La politique de la soci\u00e9t\u00e9 et toutes ses proc\u00e9dures ont \u00e9t\u00e9 \u00e9tablies sur la base des piliers de valeurs suivants :<\/p>\n<ol>\n<li>Les donn\u00e9es \u00e0 caract\u00e8re personnel sont la propri\u00e9t\u00e9 unique de chaque personne physique et doivent \u00eatre prot\u00e9g\u00e9es contre tout traitement erron\u00e9 ou non autoris\u00e92<br \/>\n.<br \/>\nLa vie priv\u00e9e de chaque individu est un droit fondamental de chaque individu qui ne doit \u00eatre viol\u00e9 en aucune circonstance3. Le<br \/>\nmoyen fondamental de prot\u00e9ger les donn\u00e9es<br \/>\n,<br \/>\nqu&rsquo;elles soient sous forme \u00e9lectronique ou sur papier, est avant tout d&rsquo;assurer un acc\u00e8s contr\u00f4l\u00e9 et de maintenir une infrastructure appropri\u00e9e pour leur traitement4. Dans<br \/>\ntous les cas, la confidentialit\u00e9, l&rsquo;int\u00e9grit\u00e9, la disponibilit\u00e9 et la durabilit\u00e9 des donn\u00e9es<br \/>\ndoivent \u00eatre pr\u00e9serv\u00e9es.<\/li>\n<\/ol>\n<p>BUSINESS FORWARD s\u00e9lectionne les proc\u00e9dures et m\u00e9canismes de s\u00e9curit\u00e9 \u00e0 adopter pour chaque infrastructure ou processus individuel en appliquant une planification strat\u00e9gique plus large bas\u00e9e sur les \u00e9tapes suivantes :<br \/>\n1. Identification des donn\u00e9es et de leurs flux<\/p>\n<ol start=\"2\">\n<li>\u00c9valuation des pratiques existantes sur la base des exigences l\u00e9gales<\/li>\n<li>Pr\u00e9paration d&rsquo;une DPIA pour calculer l&rsquo;impact final sur les personnes physiques, le cas \u00e9ch\u00e9ant4<br \/>\n. D\u00e9terminer les m\u00e9canismes en fonction des r\u00e9sultats de l&rsquo;analyse ci-dessus et calculer le risque r\u00e9siduel<\/li>\n<\/ol>\n<p>Sur la base de ce qui pr\u00e9c\u00e8de, afin que la soci\u00e9t\u00e9 puisse se conformer \u00e0 la fois au cadre juridique et aux principes qu&rsquo;elle fixe pour son fonctionnement, les m\u00e9canismes, proc\u00e9dures et mesures suivants ont \u00e9t\u00e9 adopt\u00e9s :<br \/>\n1. Politique de contr\u00f4le d&rsquo;acc\u00e8s physique aux locaux de l&rsquo;entreprise : syst\u00e8me de contr\u00f4le d&rsquo;acc\u00e8s, escorte permanente des visiteurs, journaux d&rsquo;acc\u00e8s ;<br \/>\n2. Politique de contr\u00f4le d&rsquo;acc\u00e8s logique (attribution de r\u00f4les et attribution correspondante de droits d&rsquo;acc\u00e8s, comptes<br \/>\nutilisateurs, politique de protection de tous les syst\u00e8mes d&rsquo;information)<br \/>\n3. Mesures de protection active et passive contre l&rsquo;incendie<\/p>\n<ol start=\"4\">\n<li>Proc\u00e9dures de s\u00e9paration des t\u00e2ches (description des postes, s\u00e9paration des t\u00e2ches et des domaines de responsabilit\u00e9, proc\u00e9dures d\u00e9taill\u00e9es de fonctionnement).<\/li>\n<li>Proc\u00e9dures de s\u00e9lection et d&rsquo;\u00e9valuation du personnel (exigences de qualification et de r\u00e9f\u00e9rence, signature d&rsquo;accords de confidentialit\u00e9 &#8211; secret bancaire)<br \/>\n6. Mesures de protection des syst\u00e8mes d&rsquo;information (politiques personnalis\u00e9es de pare-feu, contr\u00f4le du trafic, journaux du trafic, antivirus sur les serveurs et les clients, syst\u00e8mes de secours, verrouillage des ordinateurs, contr\u00f4le d&rsquo;acc\u00e8s, etc. Gestion des partenaires &#8211; fournisseurs (proc\u00e9dures et crit\u00e8res de s\u00e9lection &#8211; \u00e9valuation, audits des fournisseurs et partenaires, conclusion de contrats de coop\u00e9ration contraignants avec des conditions sp\u00e9cifiques de confidentialit\u00e9 &#8211; confidentialit\u00e9 &#8211; protection des donn\u00e9es)<br \/>\n8. Existence de polices d&rsquo;assurance (responsabilit\u00e9 professionnelle)<\/li>\n<\/ol>\n<p>L&rsquo;entreprise a d\u00e9sign\u00e9 un d\u00e9l\u00e9gu\u00e9 \u00e0 la protection des donn\u00e9es en tant que contr\u00f4leur des donn\u00e9es. Si vous souhaitez contacter directement le DPD de l&rsquo;entreprise, vous pouvez utiliser l&rsquo;adresse \u00e9lectronique dpo@businessforward.gr ou le num\u00e9ro de t\u00e9l\u00e9phone principal de l&rsquo;entreprise.<\/p>\n","protected":false},"excerpt":{"rendered":"<p>BUSINESS FORWARD, dans le cadre du respect du R\u00e8glement g\u00e9n\u00e9ral sur la protection des donn\u00e9es 2016\/679 et du cadre juridique national r\u00e9gissant la protection des donn\u00e9es<span class=\"excerpt-hellip\"> [\u2026]<\/span><\/p>\n","protected":false},"author":1,"featured_media":0,"parent":0,"menu_order":0,"comment_status":"closed","ping_status":"closed","template":"","meta":{"footnotes":""},"class_list":["post-577","page","type-page","status-publish","hentry"],"_links":{"self":[{"href":"https:\/\/businessforward.gr\/fr\/wp-json\/wp\/v2\/pages\/577","targetHints":{"allow":["GET"]}}],"collection":[{"href":"https:\/\/businessforward.gr\/fr\/wp-json\/wp\/v2\/pages"}],"about":[{"href":"https:\/\/businessforward.gr\/fr\/wp-json\/wp\/v2\/types\/page"}],"author":[{"embeddable":true,"href":"https:\/\/businessforward.gr\/fr\/wp-json\/wp\/v2\/users\/1"}],"replies":[{"embeddable":true,"href":"https:\/\/businessforward.gr\/fr\/wp-json\/wp\/v2\/comments?post=577"}],"version-history":[{"count":1,"href":"https:\/\/businessforward.gr\/fr\/wp-json\/wp\/v2\/pages\/577\/revisions"}],"predecessor-version":[{"id":578,"href":"https:\/\/businessforward.gr\/fr\/wp-json\/wp\/v2\/pages\/577\/revisions\/578"}],"wp:attachment":[{"href":"https:\/\/businessforward.gr\/fr\/wp-json\/wp\/v2\/media?parent=577"}],"curies":[{"name":"wp","href":"https:\/\/api.w.org\/{rel}","templated":true}]}}